{"id":24028,"date":"2024-01-06T08:27:26","date_gmt":"2024-01-06T08:27:26","guid":{"rendered":"https:\/\/rosmary.eu\/produkt\/vaselina-cosmetica\/"},"modified":"2024-01-08T10:57:20","modified_gmt":"2024-01-08T10:57:20","slug":"vaselina-cosmetica","status":"publish","type":"product","link":"https:\/\/rosmary.eu\/ro\/produkt\/vaselina-cosmetica\/","title":{"rendered":"Vaselin\u0103 cosmetic\u0103"},"content":{"rendered":"<p>Vaselin\u0103 cosmetic\u0103 pentru<em> refacerea \u0219i \u00eentre\u021binerea zilnic\u0103 a tuturor <\/em><em>tipurilor de piele, precum \u0219i pentru protejarea acesteia de efectele adverse ale mediului \u00eenconjur\u0103tor.Combina\u021bia de uleiuri de parafin\u0103 \u0219i ingrediente active formeaz\u0103 o pelicul\u0103 ocluziv\u0103 delicat\u0103 care \u00eenmoaie \u0219i protejeaz\u0103 \u00eempotriva irita\u021biilor asociate cu usc\u0103ciunea<\/em>.<\/p>\n<p><em>Se aplic\u0103 zilnic. Aplica\u021bi \u00een strat sub\u021bire, cu mi\u0219c\u0103ri u\u0219oare de masaj, pe pielea curat\u0103 \u0219i uscat\u0103.<\/em><\/p>\n","protected":false},"excerpt":{"rendered":"<p>Vaselin\u0103 cosmetic\u0103 pentru refacerea \u0219i \u00eentre\u021binerea zilnic\u0103 a tuturor tipurilor de piele, precum \u0219i pentru protejarea acesteia de efectele adverse<\/p>\n","protected":false},"featured_media":32029,"comment_status":"closed","ping_status":"closed","template":"","meta":[],"product_brand":[],"product_cat":[608],"product_tag":[467],"class_list":{"0":"post-24028","1":"product","2":"type-product","3":"status-publish","4":"has-post-thumbnail","6":"product_cat-produse-cosmetice","7":"product_tag-vasilini","9":"first","10":"instock","11":"taxable","12":"shipping-taxable","13":"purchasable","14":"product-type-simple"},"_links":{"self":[{"href":"https:\/\/rosmary.eu\/ro\/wp-json\/wp\/v2\/product\/24028","targetHints":{"allow":["GET"]}}],"collection":[{"href":"https:\/\/rosmary.eu\/ro\/wp-json\/wp\/v2\/product"}],"about":[{"href":"https:\/\/rosmary.eu\/ro\/wp-json\/wp\/v2\/types\/product"}],"replies":[{"embeddable":true,"href":"https:\/\/rosmary.eu\/ro\/wp-json\/wp\/v2\/comments?post=24028"}],"version-history":[{"count":1,"href":"https:\/\/rosmary.eu\/ro\/wp-json\/wp\/v2\/product\/24028\/revisions"}],"predecessor-version":[{"id":24079,"href":"https:\/\/rosmary.eu\/ro\/wp-json\/wp\/v2\/product\/24028\/revisions\/24079"}],"wp:featuredmedia":[{"embeddable":true,"href":"https:\/\/rosmary.eu\/ro\/wp-json\/wp\/v2\/media\/32029"}],"wp:attachment":[{"href":"https:\/\/rosmary.eu\/ro\/wp-json\/wp\/v2\/media?parent=24028"}],"wp:term":[{"taxonomy":"product_brand","embeddable":true,"href":"https:\/\/rosmary.eu\/ro\/wp-json\/wp\/v2\/product_brand?post=24028"},{"taxonomy":"product_cat","embeddable":true,"href":"https:\/\/rosmary.eu\/ro\/wp-json\/wp\/v2\/product_cat?post=24028"},{"taxonomy":"product_tag","embeddable":true,"href":"https:\/\/rosmary.eu\/ro\/wp-json\/wp\/v2\/product_tag?post=24028"}],"curies":[{"name":"wp","href":"https:\/\/api.w.org\/{rel}","templated":true}]}}