{"id":24018,"date":"2023-11-22T12:54:36","date_gmt":"2023-11-22T12:54:36","guid":{"rendered":"https:\/\/rosmary.eu\/produkt\/dr-fresh-clean-pro-pompa-500-ml\/"},"modified":"2024-01-08T10:57:11","modified_gmt":"2024-01-08T10:57:11","slug":"dr-fresh-clean-pro-pompa-500-ml","status":"publish","type":"product","link":"https:\/\/rosmary.eu\/ro\/produkt\/dr-fresh-clean-pro-pompa-500-ml\/","title":{"rendered":"Dr Fresh &#8211; Clean PRO, pomp\u0103, 500 ml"},"content":{"rendered":"<p>Preparat Dr. Fresh pentru \u00eendep\u0103rtarea eficient\u0103 \u0219i rapid\u0103 a petelor de pe pere\u021bi formate ca urmare a umidit\u0103\u021bii. Cur\u0103\u021b\u0103 suprafe\u021bele murdare f\u0103r\u0103 frecare mecanic\u0103. Nu utiliza\u021bi pe pere\u021bi colora\u021bi! \u00cen cazul \u00een care ave\u021bi \u00eendoieli cu privire la suprafa\u021ba care urmeaz\u0103 s\u0103 fie tratat\u0103, testa\u021bi mai \u00eent\u00e2i pe o suprafa\u021b\u0103 mic\u0103. Mod de utilizare. Pulveriza\u021bi suprafa\u021ba dorit\u0103 \u0219i l\u0103sa\u021bi s\u0103 ac\u021bioneze timp de 5-10 minute. Repeta\u021bi, dac\u0103 este necesar, p\u00e2n\u0103 c\u00e2nd pata dispare complet. Cl\u0103ti\u021bi cu ap\u0103, dac\u0103 suprafa\u021ba permite. Aerisi\u021bi bine \u00eenc\u0103perea dup\u0103 utilizare. Evita\u021bi inhalarea prelungit\u0103 a vaporilor.<\/p>\n","protected":false},"excerpt":{"rendered":"<p>Preparat Dr. Fresh pentru \u00eendep\u0103rtarea eficient\u0103 \u0219i rapid\u0103 a petelor de pe pere\u021bi formate ca urmare a umidit\u0103\u021bii. Cur\u0103\u021b\u0103 suprafe\u021bele<\/p>\n","protected":false},"featured_media":23392,"comment_status":"closed","ping_status":"closed","template":"","meta":[],"product_brand":[],"product_cat":[613,465],"product_tag":[],"class_list":{"0":"post-24018","1":"product","2":"type-product","3":"status-publish","4":"has-post-thumbnail","6":"product_cat-preparate-de-curatare","7":"product_cat-special","9":"first","10":"instock","11":"purchasable","12":"product-type-simple"},"_links":{"self":[{"href":"https:\/\/rosmary.eu\/ro\/wp-json\/wp\/v2\/product\/24018","targetHints":{"allow":["GET"]}}],"collection":[{"href":"https:\/\/rosmary.eu\/ro\/wp-json\/wp\/v2\/product"}],"about":[{"href":"https:\/\/rosmary.eu\/ro\/wp-json\/wp\/v2\/types\/product"}],"replies":[{"embeddable":true,"href":"https:\/\/rosmary.eu\/ro\/wp-json\/wp\/v2\/comments?post=24018"}],"version-history":[{"count":1,"href":"https:\/\/rosmary.eu\/ro\/wp-json\/wp\/v2\/product\/24018\/revisions"}],"predecessor-version":[{"id":24062,"href":"https:\/\/rosmary.eu\/ro\/wp-json\/wp\/v2\/product\/24018\/revisions\/24062"}],"wp:featuredmedia":[{"embeddable":true,"href":"https:\/\/rosmary.eu\/ro\/wp-json\/wp\/v2\/media\/23392"}],"wp:attachment":[{"href":"https:\/\/rosmary.eu\/ro\/wp-json\/wp\/v2\/media?parent=24018"}],"wp:term":[{"taxonomy":"product_brand","embeddable":true,"href":"https:\/\/rosmary.eu\/ro\/wp-json\/wp\/v2\/product_brand?post=24018"},{"taxonomy":"product_cat","embeddable":true,"href":"https:\/\/rosmary.eu\/ro\/wp-json\/wp\/v2\/product_cat?post=24018"},{"taxonomy":"product_tag","embeddable":true,"href":"https:\/\/rosmary.eu\/ro\/wp-json\/wp\/v2\/product_tag?post=24018"}],"curies":[{"name":"wp","href":"https:\/\/api.w.org\/{rel}","templated":true}]}}