{"id":24005,"date":"2024-01-08T10:52:33","date_gmt":"2024-01-08T10:52:33","guid":{"rendered":"https:\/\/rosmary.eu\/produkt\/gioma-ni-cole-eau-de-toilette-95ml\/"},"modified":"2024-01-08T10:56:57","modified_gmt":"2024-01-08T10:56:57","slug":"gioma-ni-cole-eau-de-toilette-95ml","status":"publish","type":"product","link":"https:\/\/rosmary.eu\/ro\/produkt\/gioma-ni-cole-eau-de-toilette-95ml\/","title":{"rendered":"Gioma Ni Col\u00e8 Eau de Toilette , 95ml"},"content":{"rendered":"<p style=\"text-align: center;\">Gioma Ni Col\u00e8 ap\u0103 de toalet\u0103 pentru femei<\/p>\n","protected":false},"excerpt":{"rendered":"<p>Gioma Ni Col\u00e8 ap\u0103 de toalet\u0103 pentru femei<\/p>\n","protected":false},"featured_media":32639,"comment_status":"closed","ping_status":"closed","template":"","meta":[],"product_brand":[],"product_cat":[608,607,458],"product_tag":[],"class_list":{"0":"post-24005","1":"product","2":"type-product","3":"status-publish","4":"has-post-thumbnail","6":"product_cat-produse-cosmetice","7":"product_cat-femei-ro","8":"product_cat-parfumuri","10":"first","11":"instock","12":"taxable","13":"shipping-taxable","14":"purchasable","15":"product-type-simple"},"_links":{"self":[{"href":"https:\/\/rosmary.eu\/ro\/wp-json\/wp\/v2\/product\/24005","targetHints":{"allow":["GET"]}}],"collection":[{"href":"https:\/\/rosmary.eu\/ro\/wp-json\/wp\/v2\/product"}],"about":[{"href":"https:\/\/rosmary.eu\/ro\/wp-json\/wp\/v2\/types\/product"}],"replies":[{"embeddable":true,"href":"https:\/\/rosmary.eu\/ro\/wp-json\/wp\/v2\/comments?post=24005"}],"version-history":[{"count":1,"href":"https:\/\/rosmary.eu\/ro\/wp-json\/wp\/v2\/product\/24005\/revisions"}],"predecessor-version":[{"id":24015,"href":"https:\/\/rosmary.eu\/ro\/wp-json\/wp\/v2\/product\/24005\/revisions\/24015"}],"wp:featuredmedia":[{"embeddable":true,"href":"https:\/\/rosmary.eu\/ro\/wp-json\/wp\/v2\/media\/32639"}],"wp:attachment":[{"href":"https:\/\/rosmary.eu\/ro\/wp-json\/wp\/v2\/media?parent=24005"}],"wp:term":[{"taxonomy":"product_brand","embeddable":true,"href":"https:\/\/rosmary.eu\/ro\/wp-json\/wp\/v2\/product_brand?post=24005"},{"taxonomy":"product_cat","embeddable":true,"href":"https:\/\/rosmary.eu\/ro\/wp-json\/wp\/v2\/product_cat?post=24005"},{"taxonomy":"product_tag","embeddable":true,"href":"https:\/\/rosmary.eu\/ro\/wp-json\/wp\/v2\/product_tag?post=24005"}],"curies":[{"name":"wp","href":"https:\/\/api.w.org\/{rel}","templated":true}]}}