{"id":23999,"date":"2024-01-08T10:31:49","date_gmt":"2024-01-08T10:31:49","guid":{"rendered":"https:\/\/rosmary.eu\/produkt\/apa-de-toaleta-gioma-fresh-flower-gardenia-95ml\/"},"modified":"2024-01-08T10:56:58","modified_gmt":"2024-01-08T10:56:58","slug":"apa-de-toaleta-gioma-fresh-flower-gardenia-95ml","status":"publish","type":"product","link":"https:\/\/rosmary.eu\/ro\/produkt\/apa-de-toaleta-gioma-fresh-flower-gardenia-95ml\/","title":{"rendered":"Ap\u0103 de toalet\u0103 Gioma Fresh Flower GARDENIA , 95ml"},"content":{"rendered":"<p>Toalet\u0103 pentru femei cu ap\u0103 Gioma Fresh Flower GARDENIA<\/p>\n","protected":false},"excerpt":{"rendered":"<p>Toalet\u0103 pentru femei cu ap\u0103 Gioma Fresh Flower GARDENIA<\/p>\n","protected":false},"featured_media":32648,"comment_status":"closed","ping_status":"closed","template":"","meta":[],"product_brand":[],"product_cat":[608,607,458],"product_tag":[],"class_list":{"0":"post-23999","1":"product","2":"type-product","3":"status-publish","4":"has-post-thumbnail","6":"product_cat-produse-cosmetice","7":"product_cat-femei-ro","8":"product_cat-parfumuri","10":"first","11":"instock","12":"taxable","13":"shipping-taxable","14":"purchasable","15":"product-type-simple"},"_links":{"self":[{"href":"https:\/\/rosmary.eu\/ro\/wp-json\/wp\/v2\/product\/23999","targetHints":{"allow":["GET"]}}],"collection":[{"href":"https:\/\/rosmary.eu\/ro\/wp-json\/wp\/v2\/product"}],"about":[{"href":"https:\/\/rosmary.eu\/ro\/wp-json\/wp\/v2\/types\/product"}],"replies":[{"embeddable":true,"href":"https:\/\/rosmary.eu\/ro\/wp-json\/wp\/v2\/comments?post=23999"}],"version-history":[{"count":1,"href":"https:\/\/rosmary.eu\/ro\/wp-json\/wp\/v2\/product\/23999\/revisions"}],"predecessor-version":[{"id":24024,"href":"https:\/\/rosmary.eu\/ro\/wp-json\/wp\/v2\/product\/23999\/revisions\/24024"}],"wp:featuredmedia":[{"embeddable":true,"href":"https:\/\/rosmary.eu\/ro\/wp-json\/wp\/v2\/media\/32648"}],"wp:attachment":[{"href":"https:\/\/rosmary.eu\/ro\/wp-json\/wp\/v2\/media?parent=23999"}],"wp:term":[{"taxonomy":"product_brand","embeddable":true,"href":"https:\/\/rosmary.eu\/ro\/wp-json\/wp\/v2\/product_brand?post=23999"},{"taxonomy":"product_cat","embeddable":true,"href":"https:\/\/rosmary.eu\/ro\/wp-json\/wp\/v2\/product_cat?post=23999"},{"taxonomy":"product_tag","embeddable":true,"href":"https:\/\/rosmary.eu\/ro\/wp-json\/wp\/v2\/product_tag?post=23999"}],"curies":[{"name":"wp","href":"https:\/\/api.w.org\/{rel}","templated":true}]}}